{"id":3269,"date":"2026-04-07T06:47:27","date_gmt":"2026-04-07T06:47:27","guid":{"rendered":"https:\/\/jalinstore.vn\/?page_id=3269"},"modified":"2026-04-07T06:47:27","modified_gmt":"2026-04-07T06:47:27","slug":"chinh-sach-van-chuyen","status":"publish","type":"page","link":"https:\/\/jalinstore.vn\/en\/chinh-sach-van-chuyen\/","title":{"rendered":"CH\u00cdNH S\u00c1CH V\u1eacN CHUY\u1ec2N"},"content":{"rendered":"<p data-path-to-node=\"4\">T\u1ea1i <b data-path-to-node=\"4\" data-index-in-node=\"4\">Jalin<\/b>, ch\u00fang t\u00f4i lu\u00f4n n\u1ed7 l\u1ef1c mang \u0111\u1ebfn tr\u1ea3i nghi\u1ec7m mua s\u1eafm t\u1ed1t nh\u1ea5t b\u1eb1ng vi\u1ec7c h\u1ee3p t\u00e1c v\u1edbi \u0111\u1ed1i t\u00e1c v\u1eadn chuy\u1ec3n chi\u1ebfn l\u01b0\u1ee3c <b data-path-to-node=\"4\" data-index-in-node=\"123\">Viettel Post<\/b>. D\u01b0\u1edbi \u0111\u00e2y l\u00e0 c\u00e1c quy \u0111\u1ecbnh c\u1ee5 th\u1ec3 v\u1ec1 vi\u1ec7c giao nh\u1eadn h\u00e0ng h\u00f3a:<\/p>\n<h3 data-path-to-node=\"5\">1. Ph\u1ea1m vi \u00e1p d\u1ee5ng<\/h3>\n<p data-path-to-node=\"6\">Jalin h\u1ed7 tr\u1ee3 giao h\u00e0ng tr\u00ean to\u00e0n qu\u1ed1c (63 t\u1ec9nh th\u00e0nh). Ch\u00fang t\u00f4i s\u1eed d\u1ee5ng d\u1ecbch v\u1ee5 v\u1eadn chuy\u1ec3n chuy\u00ean nghi\u1ec7p \u0111\u1ec3 \u0111\u1ea3m b\u1ea3o c\u00e1c s\u1ea3n ph\u1ea9m d\u1ec5 v\u1ee1 (n\u1ebfn th\u01a1m, l\u1ecd th\u1ee7y tinh) \u0111\u01b0\u1ee3c b\u1ea3o v\u1ec7 t\u1ed1t nh\u1ea5t.<\/p>\n<h3 data-path-to-node=\"7\">2. Th\u1eddi gian giao h\u00e0ng d\u1ef1 ki\u1ebfn<\/h3>\n<p data-path-to-node=\"8\">Th\u1eddi gian \u0111\u01b0\u1ee3c t\u00ednh t\u1eeb khi \u0111\u01a1n h\u00e0ng \u0111\u01b0\u1ee3c x\u00e1c nh\u1eadn th\u00e0nh c\u00f4ng:<\/p>\n<ul data-path-to-node=\"9\">\n<li>\n<p data-path-to-node=\"9,0,0\"><b data-path-to-node=\"9,0,0\" data-index-in-node=\"0\">Khu v\u1ef1c N\u1ed9i th\u00e0nh (H\u00e0 N\u1ed9i &amp; TP. HCM):<\/b> 1 \u2013 2 ng\u00e0y l\u00e0m vi\u1ec7c.<\/p>\n<\/li>\n<li>\n<p data-path-to-node=\"9,1,0\"><b data-path-to-node=\"9,1,0\" data-index-in-node=\"0\">Khu v\u1ef1c Ngo\u1ea1i th\u00e0nh &amp; T\u1ec9nh\/Th\u00e0nh kh\u00e1c:<\/b> 3 \u2013 5 ng\u00e0y l\u00e0m vi\u1ec7c.<\/p>\n<\/li>\n<li>\n<p data-path-to-node=\"9,2,0\"><b data-path-to-node=\"9,2,0\" data-index-in-node=\"0\">V\u00f9ng s\u00e2u, v\u00f9ng xa, h\u1ea3i \u0111\u1ea3o:<\/b> 5 \u2013 7 ng\u00e0y l\u00e0m vi\u1ec7c. <i data-path-to-node=\"9,2,0\" data-index-in-node=\"49\">&gt; L\u01b0u \u00fd: Th\u1eddi gian giao h\u00e0ng c\u00f3 th\u1ec3 thay \u0111\u1ed5i do c\u00e1c y\u1ebfu t\u1ed1 kh\u00e1ch quan (th\u1eddi ti\u1ebft, d\u1ecbch b\u1ec7nh, l\u1ec5 T\u1ebft&#8230;) ho\u1eb7c theo l\u1ecbch v\u1eadn h\u00e0nh c\u1ee5 th\u1ec3 c\u1ee7a Viettel Post.<\/i><\/p>\n<\/li>\n<\/ul>\n<p>Tr\u01b0\u1eddng h\u1ee3p \u0111\u01a1n h\u00e0ng tr\u1ec5 h\u01a1n th\u1eddi gian giao h\u00e0ng d\u1ef1 ki\u1ebfn, Jalin s\u1ebd th\u00f4ng b\u00e1o \u0111\u1ec3 kh\u00e1ch h\u00e0ng k\u1ecbp c\u1eadp nh\u1eadt t\u00ecnh h\u00ecnh th\u1ef1c t\u1ebf.<\/p>","protected":false},"excerpt":{"rendered":"<p>T\u1ea1i Jalin, ch\u00fang t\u00f4i lu\u00f4n n\u1ed7 l\u1ef1c mang \u0111\u1ebfn tr\u1ea3i nghi\u1ec7m mua s\u1eafm t\u1ed1t nh\u1ea5t b\u1eb1ng vi\u1ec7c h\u1ee3p t\u00e1c v\u1edbi \u0111\u1ed1i t\u00e1c v\u1eadn chuy\u1ec3n chi\u1ebfn l\u01b0\u1ee3c Viettel Post. D\u01b0\u1edbi \u0111\u00e2y l\u00e0 c\u00e1c quy \u0111\u1ecbnh c\u1ee5 th\u1ec3 v\u1ec1 vi\u1ec7c giao nh\u1eadn h\u00e0ng h\u00f3a: 1. Ph\u1ea1m vi \u00e1p d\u1ee5ng Jalin h\u1ed7 tr\u1ee3 giao h\u00e0ng tr\u00ean to\u00e0n qu\u1ed1c [&#8230;]","protected":false},"author":1,"featured_media":0,"parent":0,"menu_order":0,"comment_status":"closed","ping_status":"closed","template":"","meta":{"footnotes":""},"class_list":["post-3269","page","type-page","status-publish","hentry"],"acf":[],"yoast_head":"<!-- This site is optimized with the Yoast SEO Premium plugin v20.9 (Yoast SEO v20.9) - https:\/\/yoast.com\/wordpress\/plugins\/seo\/ -->\n<title>CH\u00cdNH S\u00c1CH V\u1eacN CHUY\u1ec2N - Jalin Fragrances Store<\/title>\n<meta name=\"description\" content=\"Ch\u00ednh s\u00e1ch v\u1eadn chuy\u1ec3n gi\u00fap kh\u00e1ch h\u00e0ng n\u1eafm r\u00f5 h\u01a1n v\u1ec1 quy \u0111\u1ecbnh giao h\u00e0ng c\u1ee7a \u0111\u01a1n v\u1ecb v\u1eadn chuy\u1ec3n hi\u1ec7n h\u00e0nh - Jalin Fragrances Store\" \/>\n<meta name=\"robots\" content=\"index, follow, max-snippet:-1, max-image-preview:large, max-video-preview:-1\" \/>\n<link rel=\"canonical\" href=\"https:\/\/jalinstore.vn\/en\/chinh-sach-van-chuyen\/\" \/>\n<meta property=\"og:locale\" content=\"en_US\" \/>\n<meta property=\"og:type\" content=\"article\" \/>\n<meta property=\"og:title\" content=\"CH\u00cdNH S\u00c1CH V\u1eacN CHUY\u1ec2N\" \/>\n<meta property=\"og:description\" content=\"Ch\u00ednh s\u00e1ch v\u1eadn chuy\u1ec3n gi\u00fap kh\u00e1ch h\u00e0ng n\u1eafm r\u00f5 h\u01a1n v\u1ec1 quy \u0111\u1ecbnh giao h\u00e0ng c\u1ee7a \u0111\u01a1n v\u1ecb v\u1eadn chuy\u1ec3n hi\u1ec7n h\u00e0nh - Jalin Fragrances Store\" \/>\n<meta property=\"og:url\" content=\"https:\/\/jalinstore.vn\/en\/chinh-sach-van-chuyen\/\" \/>\n<meta property=\"og:site_name\" content=\"Jalin Fragrances Store\" \/>\n<meta property=\"article:publisher\" content=\"https:\/\/www.facebook.com\/jalinfragrances\/\" \/>\n<meta property=\"og:image\" content=\"https:\/\/jalinstore.vn\/wp-content\/uploads\/2026\/03\/3.-Hu-nen-nap-go-2.jpg\" \/>\n\t<meta property=\"og:image:width\" content=\"1280\" \/>\n\t<meta property=\"og:image:height\" content=\"1920\" \/>\n\t<meta property=\"og:image:type\" content=\"image\/jpeg\" \/>\n<meta name=\"twitter:card\" content=\"summary_large_image\" \/>\n<meta name=\"twitter:label1\" content=\"Est. reading time\" \/>\n\t<meta name=\"twitter:data1\" content=\"2 minutes\" \/>\n<script type=\"application\/ld+json\" class=\"yoast-schema-graph\">{\"@context\":\"https:\/\/schema.org\",\"@graph\":[{\"@type\":\"WebPage\",\"@id\":\"https:\/\/jalinstore.vn\/chinh-sach-van-chuyen\/\",\"url\":\"https:\/\/jalinstore.vn\/chinh-sach-van-chuyen\/\",\"name\":\"CH\u00cdNH S\u00c1CH V\u1eacN CHUY\u1ec2N - Jalin Fragrances Store\",\"isPartOf\":{\"@id\":\"https:\/\/jalinstore.vn\/#website\"},\"datePublished\":\"2026-04-07T06:47:27+00:00\",\"dateModified\":\"2026-04-07T06:47:27+00:00\",\"description\":\"Ch\u00ednh s\u00e1ch v\u1eadn chuy\u1ec3n gi\u00fap kh\u00e1ch h\u00e0ng n\u1eafm r\u00f5 h\u01a1n v\u1ec1 quy \u0111\u1ecbnh giao h\u00e0ng c\u1ee7a \u0111\u01a1n v\u1ecb v\u1eadn chuy\u1ec3n hi\u1ec7n h\u00e0nh - Jalin Fragrances Store\",\"breadcrumb\":{\"@id\":\"https:\/\/jalinstore.vn\/chinh-sach-van-chuyen\/#breadcrumb\"},\"inLanguage\":\"en-US\",\"potentialAction\":[{\"@type\":\"ReadAction\",\"target\":[\"https:\/\/jalinstore.vn\/chinh-sach-van-chuyen\/\"]}]},{\"@type\":\"BreadcrumbList\",\"@id\":\"https:\/\/jalinstore.vn\/chinh-sach-van-chuyen\/#breadcrumb\",\"itemListElement\":[{\"@type\":\"ListItem\",\"position\":1,\"name\":\"Trang ch\u1ee7\",\"item\":\"https:\/\/jalinstore.vn\/\"},{\"@type\":\"ListItem\",\"position\":2,\"name\":\"CH\u00cdNH S\u00c1CH V\u1eacN CHUY\u1ec2N\"}]},{\"@type\":\"WebSite\",\"@id\":\"https:\/\/jalinstore.vn\/#website\",\"url\":\"https:\/\/jalinstore.vn\/\",\"name\":\"Jalin Fragrances Store\",\"description\":\"Fragrances oil - Diffuser system - Scented candle - Fabric spay - Diffuser reed\",\"publisher\":{\"@id\":\"https:\/\/jalinstore.vn\/#organization\"},\"alternateName\":\"Jalin Store\",\"potentialAction\":[{\"@type\":\"SearchAction\",\"target\":{\"@type\":\"EntryPoint\",\"urlTemplate\":\"https:\/\/jalinstore.vn\/?s={search_term_string}\"},\"query-input\":\"required name=search_term_string\"}],\"inLanguage\":\"en-US\"},{\"@type\":\"Organization\",\"@id\":\"https:\/\/jalinstore.vn\/#organization\",\"name\":\"Jalin Fragrances Store\",\"alternateName\":\"Jalin Store\",\"url\":\"https:\/\/jalinstore.vn\/\",\"logo\":{\"@type\":\"ImageObject\",\"inLanguage\":\"en-US\",\"@id\":\"https:\/\/jalinstore.vn\/#\/schema\/logo\/image\/\",\"url\":\"https:\/\/jalinstore.vn\/wp-content\/uploads\/2026\/03\/jalin-logo.jpg\",\"contentUrl\":\"https:\/\/jalinstore.vn\/wp-content\/uploads\/2026\/03\/jalin-logo.jpg\",\"width\":2000,\"height\":2000,\"caption\":\"Jalin Fragrances Store\"},\"image\":{\"@id\":\"https:\/\/jalinstore.vn\/#\/schema\/logo\/image\/\"},\"sameAs\":[\"https:\/\/www.facebook.com\/jalinfragrances\/\"]}]}<\/script>\n<!-- \/ Yoast SEO Premium plugin. -->","yoast_head_json":{"title":"CH\u00cdNH S\u00c1CH V\u1eacN CHUY\u1ec2N - Jalin Fragrances Store","description":"Ch\u00ednh s\u00e1ch v\u1eadn chuy\u1ec3n gi\u00fap kh\u00e1ch h\u00e0ng n\u1eafm r\u00f5 h\u01a1n v\u1ec1 quy \u0111\u1ecbnh giao h\u00e0ng c\u1ee7a \u0111\u01a1n v\u1ecb v\u1eadn chuy\u1ec3n hi\u1ec7n h\u00e0nh - Jalin Fragrances Store","robots":{"index":"index","follow":"follow","max-snippet":"max-snippet:-1","max-image-preview":"max-image-preview:large","max-video-preview":"max-video-preview:-1"},"canonical":"https:\/\/jalinstore.vn\/en\/chinh-sach-van-chuyen\/","og_locale":"en_US","og_type":"article","og_title":"CH\u00cdNH S\u00c1CH V\u1eacN CHUY\u1ec2N","og_description":"Ch\u00ednh s\u00e1ch v\u1eadn chuy\u1ec3n gi\u00fap kh\u00e1ch h\u00e0ng n\u1eafm r\u00f5 h\u01a1n v\u1ec1 quy \u0111\u1ecbnh giao h\u00e0ng c\u1ee7a \u0111\u01a1n v\u1ecb v\u1eadn chuy\u1ec3n hi\u1ec7n h\u00e0nh - Jalin Fragrances Store","og_url":"https:\/\/jalinstore.vn\/en\/chinh-sach-van-chuyen\/","og_site_name":"Jalin Fragrances Store","article_publisher":"https:\/\/www.facebook.com\/jalinfragrances\/","og_image":[{"width":1280,"height":1920,"url":"https:\/\/jalinstore.vn\/wp-content\/uploads\/2026\/03\/3.-Hu-nen-nap-go-2.jpg","type":"image\/jpeg"}],"twitter_card":"summary_large_image","twitter_misc":{"Est. reading time":"2 minutes"},"schema":{"@context":"https:\/\/schema.org","@graph":[{"@type":"WebPage","@id":"https:\/\/jalinstore.vn\/chinh-sach-van-chuyen\/","url":"https:\/\/jalinstore.vn\/chinh-sach-van-chuyen\/","name":"CH\u00cdNH S\u00c1CH V\u1eacN CHUY\u1ec2N - Jalin Fragrances Store","isPartOf":{"@id":"https:\/\/jalinstore.vn\/#website"},"datePublished":"2026-04-07T06:47:27+00:00","dateModified":"2026-04-07T06:47:27+00:00","description":"Ch\u00ednh s\u00e1ch v\u1eadn chuy\u1ec3n gi\u00fap kh\u00e1ch h\u00e0ng n\u1eafm r\u00f5 h\u01a1n v\u1ec1 quy \u0111\u1ecbnh giao h\u00e0ng c\u1ee7a \u0111\u01a1n v\u1ecb v\u1eadn chuy\u1ec3n hi\u1ec7n h\u00e0nh - Jalin Fragrances Store","breadcrumb":{"@id":"https:\/\/jalinstore.vn\/chinh-sach-van-chuyen\/#breadcrumb"},"inLanguage":"en-US","potentialAction":[{"@type":"ReadAction","target":["https:\/\/jalinstore.vn\/chinh-sach-van-chuyen\/"]}]},{"@type":"BreadcrumbList","@id":"https:\/\/jalinstore.vn\/chinh-sach-van-chuyen\/#breadcrumb","itemListElement":[{"@type":"ListItem","position":1,"name":"Trang ch\u1ee7","item":"https:\/\/jalinstore.vn\/"},{"@type":"ListItem","position":2,"name":"CH\u00cdNH S\u00c1CH V\u1eacN CHUY\u1ec2N"}]},{"@type":"WebSite","@id":"https:\/\/jalinstore.vn\/#website","url":"https:\/\/jalinstore.vn\/","name":"Jalin Fragrances Store","description":"Fragrances oil - Diffuser system - Scented candle - Fabric spay - Diffuser reed","publisher":{"@id":"https:\/\/jalinstore.vn\/#organization"},"alternateName":"Jalin Store","potentialAction":[{"@type":"SearchAction","target":{"@type":"EntryPoint","urlTemplate":"https:\/\/jalinstore.vn\/?s={search_term_string}"},"query-input":"required name=search_term_string"}],"inLanguage":"en-US"},{"@type":"Organization","@id":"https:\/\/jalinstore.vn\/#organization","name":"Jalin Fragrances Store","alternateName":"Jalin Store","url":"https:\/\/jalinstore.vn\/","logo":{"@type":"ImageObject","inLanguage":"en-US","@id":"https:\/\/jalinstore.vn\/#\/schema\/logo\/image\/","url":"https:\/\/jalinstore.vn\/wp-content\/uploads\/2026\/03\/jalin-logo.jpg","contentUrl":"https:\/\/jalinstore.vn\/wp-content\/uploads\/2026\/03\/jalin-logo.jpg","width":2000,"height":2000,"caption":"Jalin Fragrances Store"},"image":{"@id":"https:\/\/jalinstore.vn\/#\/schema\/logo\/image\/"},"sameAs":["https:\/\/www.facebook.com\/jalinfragrances\/"]}]}},"_links":{"self":[{"href":"https:\/\/jalinstore.vn\/en\/wp-json\/wp\/v2\/pages\/3269","targetHints":{"allow":["GET"]}}],"collection":[{"href":"https:\/\/jalinstore.vn\/en\/wp-json\/wp\/v2\/pages"}],"about":[{"href":"https:\/\/jalinstore.vn\/en\/wp-json\/wp\/v2\/types\/page"}],"author":[{"embeddable":true,"href":"https:\/\/jalinstore.vn\/en\/wp-json\/wp\/v2\/users\/1"}],"replies":[{"embeddable":true,"href":"https:\/\/jalinstore.vn\/en\/wp-json\/wp\/v2\/comments?post=3269"}],"version-history":[{"count":1,"href":"https:\/\/jalinstore.vn\/en\/wp-json\/wp\/v2\/pages\/3269\/revisions"}],"predecessor-version":[{"id":3271,"href":"https:\/\/jalinstore.vn\/en\/wp-json\/wp\/v2\/pages\/3269\/revisions\/3271"}],"wp:attachment":[{"href":"https:\/\/jalinstore.vn\/en\/wp-json\/wp\/v2\/media?parent=3269"}],"curies":[{"name":"wp","href":"https:\/\/api.w.org\/{rel}","templated":true}]}}