{"id":3358,"date":"2026-04-08T03:17:33","date_gmt":"2026-04-08T03:17:33","guid":{"rendered":"https:\/\/jalinstore.vn\/?post_type=product&#038;p=3358"},"modified":"2026-04-08T03:17:35","modified_gmt":"2026-04-08T03:17:35","slug":"lo-khuech-tan-huong-ocean-rush","status":"publish","type":"product","link":"https:\/\/jalinstore.vn\/en\/product\/lo-khuech-tan-huong-ocean-rush\/","title":{"rendered":"L\u1ecd khu\u1ebfch t\u00e1n h\u01b0\u01a1ng OCEAN RUSH | 100ml"},"content":{"rendered":"<p>L\u1ecc KHU\u1ebeCH T\u00c1N TINH D\u1ea6U TH\u01a0M PH\u00d2NG JALIN &#8211; H\u01af\u01a0NG TINH D\u1ea6U N\u01af\u1edaC HOA (100ML)<\/p>\n<p>1. M\u00f4 t\u1ea3 h\u01b0\u01a1ng th\u01a1m Ocean Rush<br \/>\n<br \/>\nTop Notes:\u00a0Agrestic, Petit Grain<br \/>\n<\/p>\n<p>Heart Notes:\u00a0Floral<br \/>\n<\/p>\n<p>Base Notes:\u00a0Musky, Woody<br \/>\n<\/p>\n<p>Formulated in Switzerland<\/p>\n<p>Ocean Rush\u00a0g\u1ee3i l\u00ean quang c\u1ea3nh sinh \u0111\u1ed9ng hi\u1ec7n \u0111\u1ea1i c\u1ee7a \u00dd v\u00e0 lu\u1ed3ng gi\u00f3 t\u1eeb v\u00f9ng bi\u1ec3n \u0110\u1ecba Trung H\u1ea3i. H\u01b0\u01a1ng th\u01a1m\u00a0t\u1ea1o c\u1ea3m gi\u00e1c g\u1ee3i c\u1ea3m v\u00e0 quy\u1ebfn r\u0169 t\u1eeb c\u01a1 th\u1ec3 v\u00e0o t\u00e2m h\u1ed3n b\u1ea1n v\u1edbi m\u00f9i h\u01b0\u01a1ng cam t\u01b0\u01a1i s\u00e1ng\u00a0k\u1ebft h\u1ee3p v\u1edbi\u00a0chanh Calabrian v\u00e0 m\u00f9i h\u01b0\u01a1ng cam ng\u1ecdt ng\u00e0o, \u0111am m\u00ea c\u00f9ng v\u1edbi h\u00fang qu\u1ebf d\u1ecbu nh\u1eb9. L\u1edbp h\u01b0\u01a1ng gi\u1eefa n\u1ed3ng n\u00e0n\u00a0c\u1ee7a c\u00e1c lo\u00e0i hoa, hoa h\u1ed3ng v\u00e0 hoa t\u1eed \u0111inh h\u01b0\u01a1ng, t\u1ea5t c\u1ea3 c\u00f9ng h\u00f2a quy\u1ec7n v\u1edbi l\u00e0n gi\u00f3 bi\u1ec3n v\u00e0 nh\u1eefng chi\u1ebfc l\u00e1 nho r\u1eebng \u0111en. L\u1edbp h\u01b0\u01a1ng cu\u1ed1i nh\u1eb9 nh\u00e0ng v\u1edbi h\u01b0\u01a1ng c\u1ee7a c\u00e1c lo\u1ea1i g\u1ed7 qu\u00fd\u00a0v\u00e0 s\u1ef1 \u1ea5m \u00e1p c\u1ee7a h\u1ed5 ph\u00e1ch v\u00e0 n\u00f3\u00a0l\u00e0m say \u0111\u1eafm l\u00f2ng ng\u01b0\u1eddi b\u1edfi m\u00f9i h\u01b0\u01a1ng n\u00e0y.<\/p>\n<p>2. Th\u00e0nh ph\u1ea7n<br \/>\n<\/p>\n<p>&#8211; G\u1ed3m 5 que khu\u1ebfch t\u00e1n v\u1edbi ch\u1ea5t li\u1ec7u M\u00e2y.<br \/>\n<\/p>\n<p>&#8211; Tinh d\u1ea7u n\u01b0\u1edbc hoa cao c\u1ea5p s\u00e1ng t\u1ea1o t\u1eeb Ph\u00e1p, Th\u1ee5y S\u1ef9, Anh v\u00e0 M\u1ef9.<br \/>\n<\/p>\n<p>&#8211; L\u1ecd ch\u1ea5t li\u1ec7u th\u1ee7y tinh cao c\u1ea5p dung t\u00edch 100ml.<\/p>\n<p>3. C\u00f4ng d\u1ee5ng<br \/>\n<\/p>\n<p>&#8211; T\u1ea1o m\u00f9i th\u01a1m trong kh\u00f4ng gian: L\u1ecd khu\u1ebfch t\u00e1n tinh d\u1ea7u n\u01b0\u1edbc hoa \u0111\u01b0\u1ee3c s\u1eed d\u1ee5ng \u0111\u1ec3 t\u1ea1o m\u1ed9t m\u00f9i th\u01a1m d\u1ec5 ch\u1ecbu trong kh\u00f4ng gian s\u1ed1ng, nh\u01b0 ph\u00f2ng kh\u00e1ch, ph\u00f2ng ng\u1ee7, v\u0103n ph\u00f2ng, hay trong c\u00e1c kh\u00f4ng gian c\u00f4ng c\u1ed9ng.<br \/>\n<\/p>\n<p>&#8211; T\u00e1n h\u01b0\u01a1ng n\u01b0\u1edbc hoa c\u00f3 kh\u1ea3 n\u0103ng lo\u1ea1i b\u1ecf m\u00f9i kh\u00f3 ch\u1ecbu, nh\u01b0 m\u00f9i h\u00f4i thu\u1ed1c, m\u00f9i th\u1ee9c \u0103n hay m\u00f9i h\u00f4i trong ph\u00f2ng, m\u00f9i \u1ea9m m\u1ed1c\u2026<\/p>\n<p>4. Th\u1eddi gian s\u1eed d\u1ee5ng<br \/>\n<\/p>\n<p>&#8211; S\u1ea3n ph\u1ea9m t\u1ecfa h\u01b0\u01a1ng li\u00ean t\u1ee5c trong 4 tu\u1ea7n<\/p>\n<p>5. H\u01b0\u1edbng d\u1eabn s\u1eed d\u1ee5ng l\u1ecd khu\u1ebfch t\u00e1n tinh d\u1ea7u n\u01b0\u1edbc hoa Jalin<br \/>\n<\/p>\n<p>&#8211; B\u01b0\u1edbc 1 : \u0110\u1ed5 m\u1ed9t l\u01b0\u1ee3ng tinh d\u1ea7u kho\u1ea3ng 25 &#8211; 30 ml v\u00e0o l\u1ecd th\u1ee7y tinh. C\u1eafm \u0111\u1ec1u que khu\u1ebfch t\u00e1n v\u00e0o trong l\u1ecd.<br \/>\n<\/p>\n<p>&#8211; B\u01b0\u1edbc 2 : Sau 1h \u0111\u1ea7u ti\u00ean \u0111\u1ed5i \u0111\u1ea7u que t\u00e1n h\u01b0\u01a1ng, t\u1eeb 1-2 tu\u1ea7n th\u00ec ch\u00e2m th\u00eam tinh d\u1ea7u kho\u1ea3ng t\u1eeb 25 &#8211; 30ml.<br \/>\n<\/p>\n<p>&#8211; B\u01b0\u1edbc 3 : Th\u01b0\u1eddng xuy\u00ean l\u1eafc nh\u1eb9 l\u1ecd tinh d\u1ea7u v\u00e0 tr\u1edf \u0111\u1ea7u que t\u00e1n h\u01b0\u01a1ng \u0111\u1ec3 \u0111\u1ea3m b\u1ea3o h\u01b0\u01a1ng th\u01a1m. L\u1eadt ng\u01b0\u1ee3c c\u00e1c \u0111\u1ea7u que khu\u1ebfch t\u00e1n 2 ng\u00e0y\/l\u1ea7n \u0111\u1ec3 \u0111\u1ea3m b\u1ea3o h\u01b0\u01a1ng th\u01a1m khu\u1ebfch t\u00e1n \u0111\u1ec1u.<br \/>\n<\/p>\n<p>&#8211; B\u01b0\u1edbc 4 : Sau 15 ng\u00e0y s\u1eed d\u1ee5ng, b\u1ea1n c\u00f3 th\u1ec3 ng\u00e2m que t\u00e1n h\u01b0\u01a1ng c\u0169 trong c\u1ed3n v\u00e0 ph\u01a1i kh\u00f4 \u0111\u1ec3 t\u00e1i s\u1eed d\u1ee5ng ho\u1eb7c thay que khu\u1ebfch t\u00e1n m\u1edbi.<\/p>","protected":false},"excerpt":{"rendered":"<p>&#8211; Khu\u1ebfch t\u00e1n li\u00ean t\u1ee5c 24\/7, lan t\u1ecfa h\u01b0\u01a1ng th\u01a1m m\u1ed9t c\u00e1ch an to\u00e0n, nh\u1eb9 nh\u00e0ng, mang \u0111\u1ebfn c\u1ea3m gi\u00e1c th\u01b0 gi\u00e3n m\u1ed7i ng\u00e0y.<br \/>\n&#8211; Ti\u1ebft ki\u1ec7m tinh d\u1ea7u, l\u01b0u h\u01b0\u01a1ng l\u00e2u, l\u00fd t\u01b0\u1edfng cho nh\u1eefng ai y\u00eau th\u00edch m\u00f9i h\u01b0\u01a1ng nh\u1eb9 nh\u00e0ng, kh\u00f4ng n\u1ed3ng g\u1eaft.<\/p>\n<p><strong>H\u01b0\u01a1ng Ocean Rush:<\/strong><\/p>\n<p>Top: Agrestic, Petit Grain<br \/>\nHeart: Floral<br \/>\nBase: Musky, Woody<\/p>","protected":false},"featured_media":3359,"comment_status":"open","ping_status":"closed","template":"","meta":[],"product_brand":[],"product_cat":[369],"product_tag":[169,166,121,375,383,168,80,122,131,167,129],"class_list":{"0":"post-3358","1":"product","2":"type-product","3":"status-publish","4":"has-post-thumbnail","6":"product_cat-lo-khuech-tan-huong-thom-zen-collection","7":"product_tag-bo-tinh-dau-thom-phong","8":"product_tag-lo-khuech-tan","9":"product_tag-lo-khuech-tan-huong-thom","10":"product_tag-lo-tan-huong","11":"product_tag-lo-tan-huong-ocean-rush","12":"product_tag-lo-tinh-dau-thom","13":"product_tag-ocean-rush","14":"product_tag-tan-huong","15":"product_tag-tinh-dau-khuech-tan","16":"product_tag-tinh-dau-thom","17":"product_tag-tinh-dau-thom-phong","19":"first","20":"instock","21":"shipping-taxable","22":"purchasable","23":"product-type-simple"},"acf":[],"yoast_head":"<!-- This site is optimized with the Yoast SEO Premium plugin v20.9 (Yoast SEO v20.9) - https:\/\/yoast.com\/wordpress\/plugins\/seo\/ -->\n<title>L\u1ecd khu\u1ebfch t\u00e1n h\u01b0\u01a1ng OCEAN RUSH | 100ml<\/title>\n<meta name=\"description\" content=\"L\u1ecd khu\u1ebfch t\u00e1n h\u01b0\u01a1ng th\u01a1m Jalin | L\u00e0m th\u01a1m kh\u00f4ng gian | Tinh d\u1ea7u chu\u1ea9n IFRA | S\u00e1ng t\u1ea1o t\u1eeb Ph\u00e1p, Th\u1ee5y S\u0129 | C\u1ea5u tr\u00fac 3 t\u1ea7ng h\u01b0\u01a1ng\" \/>\n<meta name=\"robots\" content=\"index, follow, max-snippet:-1, max-image-preview:large, max-video-preview:-1\" \/>\n<link rel=\"canonical\" href=\"https:\/\/jalinstore.vn\/en\/product\/lo-khuech-tan-huong-ocean-rush\/\" \/>\n<meta property=\"og:locale\" content=\"en_US\" \/>\n<meta property=\"og:type\" content=\"article\" \/>\n<meta property=\"og:title\" content=\"L\u1ecd khu\u1ebfch t\u00e1n h\u01b0\u01a1ng OCEAN RUSH | 100ml\" \/>\n<meta property=\"og:description\" content=\"L\u1ecd khu\u1ebfch t\u00e1n h\u01b0\u01a1ng th\u01a1m Jalin | L\u00e0m th\u01a1m kh\u00f4ng gian | Tinh d\u1ea7u chu\u1ea9n IFRA | S\u00e1ng t\u1ea1o t\u1eeb Ph\u00e1p, Th\u1ee5y S\u0129 | C\u1ea5u tr\u00fac 3 t\u1ea7ng h\u01b0\u01a1ng\" \/>\n<meta property=\"og:url\" content=\"https:\/\/jalinstore.vn\/en\/product\/lo-khuech-tan-huong-ocean-rush\/\" \/>\n<meta property=\"og:site_name\" content=\"Jalin Fragrances Store\" \/>\n<meta property=\"article:publisher\" content=\"https:\/\/www.facebook.com\/jalinfragrances\/\" \/>\n<meta property=\"article:modified_time\" content=\"2026-04-08T03:17:35+00:00\" \/>\n<meta property=\"og:image\" content=\"https:\/\/jalinstore.vn\/wp-content\/uploads\/2026\/04\/oceanrush.jpg\" \/>\n\t<meta property=\"og:image:width\" content=\"1000\" \/>\n\t<meta property=\"og:image:height\" content=\"1000\" \/>\n\t<meta property=\"og:image:type\" content=\"image\/jpeg\" \/>\n<meta name=\"twitter:card\" content=\"summary_large_image\" \/>\n<meta name=\"twitter:label1\" content=\"Est. reading time\" \/>\n\t<meta name=\"twitter:data1\" content=\"3 minutes\" \/>\n<script type=\"application\/ld+json\" class=\"yoast-schema-graph\">{\"@context\":\"https:\/\/schema.org\",\"@graph\":[{\"@type\":\"WebPage\",\"@id\":\"https:\/\/jalinstore.vn\/san-pham\/lo-khuech-tan-huong-ocean-rush\/\",\"url\":\"https:\/\/jalinstore.vn\/san-pham\/lo-khuech-tan-huong-ocean-rush\/\",\"name\":\"L\u1ecd khu\u1ebfch t\u00e1n h\u01b0\u01a1ng OCEAN RUSH | 100ml\",\"isPartOf\":{\"@id\":\"https:\/\/jalinstore.vn\/#website\"},\"datePublished\":\"2026-04-08T03:17:33+00:00\",\"dateModified\":\"2026-04-08T03:17:35+00:00\",\"description\":\"L\u1ecd khu\u1ebfch t\u00e1n h\u01b0\u01a1ng th\u01a1m Jalin | L\u00e0m th\u01a1m kh\u00f4ng gian | Tinh d\u1ea7u chu\u1ea9n IFRA | S\u00e1ng t\u1ea1o t\u1eeb Ph\u00e1p, Th\u1ee5y S\u0129 | C\u1ea5u tr\u00fac 3 t\u1ea7ng h\u01b0\u01a1ng\",\"breadcrumb\":{\"@id\":\"https:\/\/jalinstore.vn\/san-pham\/lo-khuech-tan-huong-ocean-rush\/#breadcrumb\"},\"inLanguage\":\"en-US\",\"potentialAction\":[{\"@type\":\"ReadAction\",\"target\":[\"https:\/\/jalinstore.vn\/san-pham\/lo-khuech-tan-huong-ocean-rush\/\"]}]},{\"@type\":\"BreadcrumbList\",\"@id\":\"https:\/\/jalinstore.vn\/san-pham\/lo-khuech-tan-huong-ocean-rush\/#breadcrumb\",\"itemListElement\":[{\"@type\":\"ListItem\",\"position\":1,\"name\":\"Trang ch\u1ee7\",\"item\":\"https:\/\/jalinstore.vn\/\"},{\"@type\":\"ListItem\",\"position\":2,\"name\":\"Shop\",\"item\":\"https:\/\/jalinstore.vn\/shop\/\"},{\"@type\":\"ListItem\",\"position\":3,\"name\":\"L\u1ecd khu\u1ebfch t\u00e1n h\u01b0\u01a1ng OCEAN RUSH | 100ml\"}]},{\"@type\":\"WebSite\",\"@id\":\"https:\/\/jalinstore.vn\/#website\",\"url\":\"https:\/\/jalinstore.vn\/\",\"name\":\"Jalin Fragrances Store\",\"description\":\"Fragrances oil - Diffuser system - Scented candle - Fabric spay - Diffuser reed\",\"publisher\":{\"@id\":\"https:\/\/jalinstore.vn\/#organization\"},\"alternateName\":\"Jalin Store\",\"potentialAction\":[{\"@type\":\"SearchAction\",\"target\":{\"@type\":\"EntryPoint\",\"urlTemplate\":\"https:\/\/jalinstore.vn\/?s={search_term_string}\"},\"query-input\":\"required name=search_term_string\"}],\"inLanguage\":\"en-US\"},{\"@type\":\"Organization\",\"@id\":\"https:\/\/jalinstore.vn\/#organization\",\"name\":\"Jalin Fragrances Store\",\"alternateName\":\"Jalin Store\",\"url\":\"https:\/\/jalinstore.vn\/\",\"logo\":{\"@type\":\"ImageObject\",\"inLanguage\":\"en-US\",\"@id\":\"https:\/\/jalinstore.vn\/#\/schema\/logo\/image\/\",\"url\":\"https:\/\/jalinstore.vn\/wp-content\/uploads\/2026\/03\/jalin-logo.jpg\",\"contentUrl\":\"https:\/\/jalinstore.vn\/wp-content\/uploads\/2026\/03\/jalin-logo.jpg\",\"width\":2000,\"height\":2000,\"caption\":\"Jalin Fragrances Store\"},\"image\":{\"@id\":\"https:\/\/jalinstore.vn\/#\/schema\/logo\/image\/\"},\"sameAs\":[\"https:\/\/www.facebook.com\/jalinfragrances\/\"]}]}<\/script>\n<!-- \/ Yoast SEO Premium plugin. -->","yoast_head_json":{"title":"L\u1ecd khu\u1ebfch t\u00e1n h\u01b0\u01a1ng OCEAN RUSH | 100ml","description":"L\u1ecd khu\u1ebfch t\u00e1n h\u01b0\u01a1ng th\u01a1m Jalin | L\u00e0m th\u01a1m kh\u00f4ng gian | Tinh d\u1ea7u chu\u1ea9n IFRA | S\u00e1ng t\u1ea1o t\u1eeb Ph\u00e1p, Th\u1ee5y S\u0129 | C\u1ea5u tr\u00fac 3 t\u1ea7ng h\u01b0\u01a1ng","robots":{"index":"index","follow":"follow","max-snippet":"max-snippet:-1","max-image-preview":"max-image-preview:large","max-video-preview":"max-video-preview:-1"},"canonical":"https:\/\/jalinstore.vn\/en\/product\/lo-khuech-tan-huong-ocean-rush\/","og_locale":"en_US","og_type":"article","og_title":"L\u1ecd khu\u1ebfch t\u00e1n h\u01b0\u01a1ng OCEAN RUSH | 100ml","og_description":"L\u1ecd khu\u1ebfch t\u00e1n h\u01b0\u01a1ng th\u01a1m Jalin | L\u00e0m th\u01a1m kh\u00f4ng gian | Tinh d\u1ea7u chu\u1ea9n IFRA | S\u00e1ng t\u1ea1o t\u1eeb Ph\u00e1p, Th\u1ee5y S\u0129 | C\u1ea5u tr\u00fac 3 t\u1ea7ng h\u01b0\u01a1ng","og_url":"https:\/\/jalinstore.vn\/en\/product\/lo-khuech-tan-huong-ocean-rush\/","og_site_name":"Jalin Fragrances Store","article_publisher":"https:\/\/www.facebook.com\/jalinfragrances\/","article_modified_time":"2026-04-08T03:17:35+00:00","og_image":[{"width":1000,"height":1000,"url":"https:\/\/jalinstore.vn\/wp-content\/uploads\/2026\/04\/oceanrush.jpg","type":"image\/jpeg"}],"twitter_card":"summary_large_image","twitter_misc":{"Est. reading time":"3 minutes"},"schema":{"@context":"https:\/\/schema.org","@graph":[{"@type":"WebPage","@id":"https:\/\/jalinstore.vn\/san-pham\/lo-khuech-tan-huong-ocean-rush\/","url":"https:\/\/jalinstore.vn\/san-pham\/lo-khuech-tan-huong-ocean-rush\/","name":"L\u1ecd khu\u1ebfch t\u00e1n h\u01b0\u01a1ng OCEAN RUSH | 100ml","isPartOf":{"@id":"https:\/\/jalinstore.vn\/#website"},"datePublished":"2026-04-08T03:17:33+00:00","dateModified":"2026-04-08T03:17:35+00:00","description":"L\u1ecd khu\u1ebfch t\u00e1n h\u01b0\u01a1ng th\u01a1m Jalin | L\u00e0m th\u01a1m kh\u00f4ng gian | Tinh d\u1ea7u chu\u1ea9n IFRA | S\u00e1ng t\u1ea1o t\u1eeb Ph\u00e1p, Th\u1ee5y S\u0129 | C\u1ea5u tr\u00fac 3 t\u1ea7ng h\u01b0\u01a1ng","breadcrumb":{"@id":"https:\/\/jalinstore.vn\/san-pham\/lo-khuech-tan-huong-ocean-rush\/#breadcrumb"},"inLanguage":"en-US","potentialAction":[{"@type":"ReadAction","target":["https:\/\/jalinstore.vn\/san-pham\/lo-khuech-tan-huong-ocean-rush\/"]}]},{"@type":"BreadcrumbList","@id":"https:\/\/jalinstore.vn\/san-pham\/lo-khuech-tan-huong-ocean-rush\/#breadcrumb","itemListElement":[{"@type":"ListItem","position":1,"name":"Trang ch\u1ee7","item":"https:\/\/jalinstore.vn\/"},{"@type":"ListItem","position":2,"name":"Shop","item":"https:\/\/jalinstore.vn\/shop\/"},{"@type":"ListItem","position":3,"name":"L\u1ecd khu\u1ebfch t\u00e1n h\u01b0\u01a1ng OCEAN RUSH | 100ml"}]},{"@type":"WebSite","@id":"https:\/\/jalinstore.vn\/#website","url":"https:\/\/jalinstore.vn\/","name":"Jalin Fragrances Store","description":"Fragrances oil - Diffuser system - Scented candle - Fabric spay - Diffuser reed","publisher":{"@id":"https:\/\/jalinstore.vn\/#organization"},"alternateName":"Jalin Store","potentialAction":[{"@type":"SearchAction","target":{"@type":"EntryPoint","urlTemplate":"https:\/\/jalinstore.vn\/?s={search_term_string}"},"query-input":"required name=search_term_string"}],"inLanguage":"en-US"},{"@type":"Organization","@id":"https:\/\/jalinstore.vn\/#organization","name":"Jalin Fragrances Store","alternateName":"Jalin Store","url":"https:\/\/jalinstore.vn\/","logo":{"@type":"ImageObject","inLanguage":"en-US","@id":"https:\/\/jalinstore.vn\/#\/schema\/logo\/image\/","url":"https:\/\/jalinstore.vn\/wp-content\/uploads\/2026\/03\/jalin-logo.jpg","contentUrl":"https:\/\/jalinstore.vn\/wp-content\/uploads\/2026\/03\/jalin-logo.jpg","width":2000,"height":2000,"caption":"Jalin Fragrances Store"},"image":{"@id":"https:\/\/jalinstore.vn\/#\/schema\/logo\/image\/"},"sameAs":["https:\/\/www.facebook.com\/jalinfragrances\/"]}]}},"_links":{"self":[{"href":"https:\/\/jalinstore.vn\/en\/wp-json\/wp\/v2\/product\/3358","targetHints":{"allow":["GET"]}}],"collection":[{"href":"https:\/\/jalinstore.vn\/en\/wp-json\/wp\/v2\/product"}],"about":[{"href":"https:\/\/jalinstore.vn\/en\/wp-json\/wp\/v2\/types\/product"}],"replies":[{"embeddable":true,"href":"https:\/\/jalinstore.vn\/en\/wp-json\/wp\/v2\/comments?post=3358"}],"wp:featuredmedia":[{"embeddable":true,"href":"https:\/\/jalinstore.vn\/en\/wp-json\/wp\/v2\/media\/3359"}],"wp:attachment":[{"href":"https:\/\/jalinstore.vn\/en\/wp-json\/wp\/v2\/media?parent=3358"}],"wp:term":[{"taxonomy":"product_brand","embeddable":true,"href":"https:\/\/jalinstore.vn\/en\/wp-json\/wp\/v2\/product_brand?post=3358"},{"taxonomy":"product_cat","embeddable":true,"href":"https:\/\/jalinstore.vn\/en\/wp-json\/wp\/v2\/product_cat?post=3358"},{"taxonomy":"product_tag","embeddable":true,"href":"https:\/\/jalinstore.vn\/en\/wp-json\/wp\/v2\/product_tag?post=3358"}],"curies":[{"name":"wp","href":"https:\/\/api.w.org\/{rel}","templated":true}]}}