{"id":3374,"date":"2026-04-08T04:47:21","date_gmt":"2026-04-08T04:47:21","guid":{"rendered":"https:\/\/jalinstore.vn\/?post_type=product&#038;p=3374"},"modified":"2026-04-08T04:47:22","modified_gmt":"2026-04-08T04:47:22","slug":"lo-khuech-tan-huong-peony-blush","status":"publish","type":"product","link":"https:\/\/jalinstore.vn\/en\/product\/lo-khuech-tan-huong-peony-blush\/","title":{"rendered":"L\u1ecd khu\u1ebfch t\u00e1n h\u01b0\u01a1ng PEONY BLUSH | 100ml"},"content":{"rendered":"<p>L\u1ecc KHU\u1ebeCH T\u00c1N TINH D\u1ea6U TH\u01a0M PH\u00d2NG JALIN &#8211; H\u01af\u01a0NG TINH D\u1ea6U N\u01af\u1edaC HOA (100ML)<\/p>\n<p>1. M\u00f4 t\u1ea3 h\u01b0\u01a1ng th\u01a1m Peony Blush<br \/>\n<br \/>\nTop Notes:\u00a0Citrus Green<br \/>\n<\/p>\n<p>Heart Notes:\u00a0Floral Jasmine<br \/>\n<\/p>\n<p>Base Notes:\u00a0Woody Clove<br \/>\n<\/p>\n<p>Formulated in\u00a0Switzerland<\/p>\n<p>&#8211; Peony &#038; Blush\u00a0th\u1ec3 hi\u1ec7n s\u1ef1 sang tr\u1ecdng c\u1ee7a ph\u00f2ng khi\u00eau v\u0169 Cecil Beaton. L\u1ea5y c\u1ea3m h\u1ee9ng t\u1eeb nhi\u1ebfp \u1ea3nh gia l\u1eebng danh n\u1ed5i ti\u1ebfng v\u1edbi nh\u1eefng b\u1ee9c \u1ea3nh ch\u00e2n dung th\u1eddi trang tuy\u1ec7t \u0111\u1eb9p, n\u01a1i n\u1eef t\u00ednh, l\u00e3ng m\u1ea1n v\u00e0 th\u1eddi trang cao c\u1ea5p va ch\u1ea1m trong m\u1ed9t \u0111\u00e1m m\u00e2y huy\u1ec1n \u1ea3o, lu\u00f4n lu\u00f4n c\u00f3 m\u1ed9t tia s\u00e1ng. M\u1ed9t m\u00f9i h\u01b0\u01a1ng v\u1eeba m\u1ec1m m\u1ea1i, n\u1eef t\u00ednh v\u1eeba m\u1ea1nh m\u1ebd v\u00e0 m\u1ea1nh m\u1ebd, v\u1ebb \u0111\u1eb9p c\u1ee7a m\u00f9i h\u01b0\u01a1ng thi\u00ean \u0111\u01b0\u1eddng n\u00e0y n\u1eb1m \u1edf t\u00ednh hai m\u1eb7t c\u1ee7a n\u00f3.\u00a0<\/p>\n<p>&#8211; M\u1eb7c v\u00e0o nh\u1eefng ng\u00e0y b\u1ea1n c\u1ea7n t\u0103ng c\u01b0\u1eddng s\u1ef1 t\u1ef1 tin m\u1ed9t ch\u00fat v\u00e0 v\u00e0o nh\u1eefng ng\u00e0y b\u1ea1n \u0111ang \u0111i b\u1ed9 cao. \u0110\u1ed1i v\u1edbi b\u1ea1n, b\u1ea1n s\u1ebd kh\u00f4ng th\u1ec3 kh\u00f4ng b\u1ecb m\u00ea ho\u1eb7c b\u1edfi nh\u1eefng b\u00f4ng hoa m\u1eabu \u0111\u01a1n h\u00e9 l\u1ed9 ch\u1eadm &#8211; t\u1eeb qu\u1ea3 \u0111\u1ecba c\u1ea7u nh\u1ecf b\u00e9 \u0111\u1ebfn nh\u1eefng l\u1edbp c\u00e1nh hoa m\u1ecfng manh sang tr\u1ecdng nh\u01b0 chi\u1ebfc \u00e1o kho\u00e1c c\u1ee7a n\u1eef di\u1ec5n vi\u00ean ba l\u00ea s\u01a1 sinh. Xa hoa v\u00e0 cu\u1ed3n cu\u1ed9n, m\u1ecfng manh v\u00e0 th\u01a1m ng\u00e1t. M\u1ed9t m\u00f9i h\u01b0\u01a1ng quy\u1ebfn r\u0169 v\u1edbi mi\u1ebfng t\u00e1o \u0111\u1ecf m\u1ecdng n\u01b0\u1edbc v\u00e0 s\u1ef1 sang tr\u1ecdng c\u1ee7a hoa nh\u00e0i, hoa h\u1ed3ng v\u00e0 hoa th\u1ee5c qu\u1ef3 s\u1ebd l\u00e0m cho b\u1ea1n v\u00e0 kh\u00f4ng gian c\u1ee7a b\u1ea1n th\u1ef1c s\u1ef1\u00a0cu\u1ed1n h\u00fat.<\/p>\n<p>2. Th\u00e0nh ph\u1ea7n<br \/>\n<\/p>\n<p>&#8211; G\u1ed3m 5 que khu\u1ebfch t\u00e1n v\u1edbi ch\u1ea5t li\u1ec7u M\u00e2y.<br \/>\n<\/p>\n<p>&#8211; Tinh d\u1ea7u n\u01b0\u1edbc hoa cao c\u1ea5p s\u00e1ng t\u1ea1o t\u1eeb Ph\u00e1p, Th\u1ee5y S\u1ef9, Anh v\u00e0 M\u1ef9.<br \/>\n<\/p>\n<p>&#8211; L\u1ecd ch\u1ea5t li\u1ec7u th\u1ee7y tinh cao c\u1ea5p dung t\u00edch 100ml.<\/p>\n<p>3. C\u00f4ng d\u1ee5ng<br \/>\n<\/p>\n<p>&#8211; T\u1ea1o m\u00f9i th\u01a1m trong kh\u00f4ng gian: L\u1ecd khu\u1ebfch t\u00e1n tinh d\u1ea7u n\u01b0\u1edbc hoa \u0111\u01b0\u1ee3c s\u1eed d\u1ee5ng \u0111\u1ec3 t\u1ea1o m\u1ed9t m\u00f9i th\u01a1m d\u1ec5 ch\u1ecbu trong kh\u00f4ng gian s\u1ed1ng, nh\u01b0 ph\u00f2ng kh\u00e1ch, ph\u00f2ng ng\u1ee7, v\u0103n ph\u00f2ng, hay trong c\u00e1c kh\u00f4ng gian c\u00f4ng c\u1ed9ng.<br \/>\n<\/p>\n<p>&#8211; T\u00e1n h\u01b0\u01a1ng n\u01b0\u1edbc hoa c\u00f3 kh\u1ea3 n\u0103ng lo\u1ea1i b\u1ecf m\u00f9i kh\u00f3 ch\u1ecbu, nh\u01b0 m\u00f9i h\u00f4i thu\u1ed1c, m\u00f9i th\u1ee9c \u0103n hay m\u00f9i h\u00f4i trong ph\u00f2ng, m\u00f9i \u1ea9m m\u1ed1c\u2026<\/p>\n<p>4. Th\u1eddi gian s\u1eed d\u1ee5ng<br \/>\n<\/p>\n<p>&#8211; S\u1ea3n ph\u1ea9m t\u1ecfa h\u01b0\u01a1ng li\u00ean t\u1ee5c trong 4 tu\u1ea7n<\/p>\n<p>5. H\u01b0\u1edbng d\u1eabn s\u1eed d\u1ee5ng l\u1ecd khu\u1ebfch t\u00e1n tinh d\u1ea7u n\u01b0\u1edbc hoa Jalin<br \/>\n<\/p>\n<p>&#8211; B\u01b0\u1edbc 1 : \u0110\u1ed5 m\u1ed9t l\u01b0\u1ee3ng tinh d\u1ea7u kho\u1ea3ng 25 &#8211; 30 ml v\u00e0o l\u1ecd th\u1ee7y tinh. C\u1eafm \u0111\u1ec1u que khu\u1ebfch t\u00e1n v\u00e0o trong l\u1ecd.<br \/>\n<\/p>\n<p>&#8211; B\u01b0\u1edbc 2 : Sau 1h \u0111\u1ea7u ti\u00ean \u0111\u1ed5i \u0111\u1ea7u que t\u00e1n h\u01b0\u01a1ng, t\u1eeb 1-2 tu\u1ea7n th\u00ec ch\u00e2m th\u00eam tinh d\u1ea7u kho\u1ea3ng t\u1eeb 25 &#8211; 30ml.<br \/>\n<\/p>\n<p>&#8211; B\u01b0\u1edbc 3 : Th\u01b0\u1eddng xuy\u00ean l\u1eafc nh\u1eb9 l\u1ecd tinh d\u1ea7u v\u00e0 tr\u1edf \u0111\u1ea7u que t\u00e1n h\u01b0\u01a1ng \u0111\u1ec3 \u0111\u1ea3m b\u1ea3o h\u01b0\u01a1ng th\u01a1m. L\u1eadt ng\u01b0\u1ee3c c\u00e1c \u0111\u1ea7u que khu\u1ebfch t\u00e1n 2 ng\u00e0y\/l\u1ea7n \u0111\u1ec3 \u0111\u1ea3m b\u1ea3o h\u01b0\u01a1ng th\u01a1m khu\u1ebfch t\u00e1n \u0111\u1ec1u.<br \/>\n<\/p>\n<p>&#8211; B\u01b0\u1edbc 4 : Sau 15 ng\u00e0y s\u1eed d\u1ee5ng, b\u1ea1n c\u00f3 th\u1ec3 ng\u00e2m que t\u00e1n h\u01b0\u01a1ng c\u0169 trong c\u1ed3n v\u00e0 ph\u01a1i kh\u00f4 \u0111\u1ec3 t\u00e1i s\u1eed d\u1ee5ng ho\u1eb7c thay que khu\u1ebfch t\u00e1n m\u1edbi.<\/p>","protected":false},"excerpt":{"rendered":"<p>&#8211; Khu\u1ebfch t\u00e1n li\u00ean t\u1ee5c 24\/7, lan t\u1ecfa h\u01b0\u01a1ng th\u01a1m m\u1ed9t c\u00e1ch an to\u00e0n, nh\u1eb9 nh\u00e0ng, mang \u0111\u1ebfn c\u1ea3m gi\u00e1c th\u01b0 gi\u00e3n m\u1ed7i ng\u00e0y.<br \/>\n&#8211; Ti\u1ebft ki\u1ec7m tinh d\u1ea7u, l\u01b0u h\u01b0\u01a1ng l\u00e2u, l\u00fd t\u01b0\u1edfng cho nh\u1eefng ai y\u00eau th\u00edch m\u00f9i h\u01b0\u01a1ng nh\u1eb9 nh\u00e0ng, kh\u00f4ng n\u1ed3ng g\u1eaft.<\/p>\n<p><strong>H\u01b0\u01a1ng Peony Blush:<\/strong><\/p>\n<p>Top:\u00a0Citrus Green<br \/>\nHeart:\u00a0Floral Jasmine<br \/>\nBase:\u00a0Woody Clove<\/p>","protected":false},"featured_media":3306,"comment_status":"open","ping_status":"closed","template":"","meta":[],"product_brand":[],"product_cat":[370],"product_tag":[169,187,166,121,375,395,168,186,122,131,167,129],"class_list":{"0":"post-3374","1":"product","2":"type-product","3":"status-publish","4":"has-post-thumbnail","6":"product_cat-lo-khuech-tan-huong-thom-love-collection","7":"product_tag-bo-tinh-dau-thom-phong","8":"product_tag-hoa-mau-don","9":"product_tag-lo-khuech-tan","10":"product_tag-lo-khuech-tan-huong-thom","11":"product_tag-lo-tan-huong","12":"product_tag-lo-tan-huong-peony-blush","13":"product_tag-lo-tinh-dau-thom","14":"product_tag-peony-blush","15":"product_tag-tan-huong","16":"product_tag-tinh-dau-khuech-tan","17":"product_tag-tinh-dau-thom","18":"product_tag-tinh-dau-thom-phong","20":"first","21":"instock","22":"shipping-taxable","23":"purchasable","24":"product-type-simple"},"acf":[],"yoast_head":"<!-- This site is optimized with the Yoast SEO Premium plugin v20.9 (Yoast SEO v20.9) - https:\/\/yoast.com\/wordpress\/plugins\/seo\/ -->\n<title>L\u1ecd khu\u1ebfch t\u00e1n h\u01b0\u01a1ng PEONY BLUSH | 100ml<\/title>\n<meta name=\"description\" content=\"L\u1ecd khu\u1ebfch t\u00e1n h\u01b0\u01a1ng th\u01a1m Jalin | L\u00e0m th\u01a1m kh\u00f4ng gian | Tinh d\u1ea7u chu\u1ea9n IFRA | S\u00e1ng t\u1ea1o t\u1eeb Ph\u00e1p, Th\u1ee5y S\u0129 | C\u1ea5u tr\u00fac 3 t\u1ea7ng h\u01b0\u01a1ng\" \/>\n<meta name=\"robots\" content=\"index, follow, max-snippet:-1, max-image-preview:large, max-video-preview:-1\" \/>\n<link rel=\"canonical\" href=\"https:\/\/jalinstore.vn\/en\/product\/lo-khuech-tan-huong-peony-blush\/\" \/>\n<meta property=\"og:locale\" content=\"en_US\" \/>\n<meta property=\"og:type\" content=\"article\" \/>\n<meta property=\"og:title\" content=\"L\u1ecd khu\u1ebfch t\u00e1n h\u01b0\u01a1ng PEONY BLUSH | 100ml\" \/>\n<meta property=\"og:description\" content=\"L\u1ecd khu\u1ebfch t\u00e1n h\u01b0\u01a1ng th\u01a1m Jalin | L\u00e0m th\u01a1m kh\u00f4ng gian | Tinh d\u1ea7u chu\u1ea9n IFRA | S\u00e1ng t\u1ea1o t\u1eeb Ph\u00e1p, Th\u1ee5y S\u0129 | C\u1ea5u tr\u00fac 3 t\u1ea7ng h\u01b0\u01a1ng\" \/>\n<meta property=\"og:url\" content=\"https:\/\/jalinstore.vn\/en\/product\/lo-khuech-tan-huong-peony-blush\/\" \/>\n<meta property=\"og:site_name\" content=\"Jalin Fragrances Store\" \/>\n<meta property=\"article:publisher\" content=\"https:\/\/www.facebook.com\/jalinfragrances\/\" \/>\n<meta property=\"article:modified_time\" content=\"2026-04-08T04:47:22+00:00\" \/>\n<meta property=\"og:image\" content=\"https:\/\/jalinstore.vn\/wp-content\/uploads\/2026\/04\/peonyblush.jpg\" \/>\n\t<meta property=\"og:image:width\" content=\"1000\" \/>\n\t<meta property=\"og:image:height\" content=\"1000\" \/>\n\t<meta property=\"og:image:type\" content=\"image\/jpeg\" \/>\n<meta name=\"twitter:card\" content=\"summary_large_image\" \/>\n<meta name=\"twitter:label1\" content=\"Est. reading time\" \/>\n\t<meta name=\"twitter:data1\" content=\"3 minutes\" \/>\n<script type=\"application\/ld+json\" class=\"yoast-schema-graph\">{\"@context\":\"https:\/\/schema.org\",\"@graph\":[{\"@type\":\"WebPage\",\"@id\":\"https:\/\/jalinstore.vn\/san-pham\/lo-khuech-tan-huong-peony-blush\/\",\"url\":\"https:\/\/jalinstore.vn\/san-pham\/lo-khuech-tan-huong-peony-blush\/\",\"name\":\"L\u1ecd khu\u1ebfch t\u00e1n h\u01b0\u01a1ng PEONY BLUSH | 100ml\",\"isPartOf\":{\"@id\":\"https:\/\/jalinstore.vn\/#website\"},\"datePublished\":\"2026-04-08T04:47:21+00:00\",\"dateModified\":\"2026-04-08T04:47:22+00:00\",\"description\":\"L\u1ecd khu\u1ebfch t\u00e1n h\u01b0\u01a1ng th\u01a1m Jalin | L\u00e0m th\u01a1m kh\u00f4ng gian | Tinh d\u1ea7u chu\u1ea9n IFRA | S\u00e1ng t\u1ea1o t\u1eeb Ph\u00e1p, Th\u1ee5y S\u0129 | C\u1ea5u tr\u00fac 3 t\u1ea7ng h\u01b0\u01a1ng\",\"breadcrumb\":{\"@id\":\"https:\/\/jalinstore.vn\/san-pham\/lo-khuech-tan-huong-peony-blush\/#breadcrumb\"},\"inLanguage\":\"en-US\",\"potentialAction\":[{\"@type\":\"ReadAction\",\"target\":[\"https:\/\/jalinstore.vn\/san-pham\/lo-khuech-tan-huong-peony-blush\/\"]}]},{\"@type\":\"BreadcrumbList\",\"@id\":\"https:\/\/jalinstore.vn\/san-pham\/lo-khuech-tan-huong-peony-blush\/#breadcrumb\",\"itemListElement\":[{\"@type\":\"ListItem\",\"position\":1,\"name\":\"Trang ch\u1ee7\",\"item\":\"https:\/\/jalinstore.vn\/\"},{\"@type\":\"ListItem\",\"position\":2,\"name\":\"Shop\",\"item\":\"https:\/\/jalinstore.vn\/shop\/\"},{\"@type\":\"ListItem\",\"position\":3,\"name\":\"L\u1ecd khu\u1ebfch t\u00e1n h\u01b0\u01a1ng PEONY BLUSH | 100ml\"}]},{\"@type\":\"WebSite\",\"@id\":\"https:\/\/jalinstore.vn\/#website\",\"url\":\"https:\/\/jalinstore.vn\/\",\"name\":\"Jalin Fragrances Store\",\"description\":\"Fragrances oil - Diffuser system - Scented candle - Fabric spay - Diffuser reed\",\"publisher\":{\"@id\":\"https:\/\/jalinstore.vn\/#organization\"},\"alternateName\":\"Jalin Store\",\"potentialAction\":[{\"@type\":\"SearchAction\",\"target\":{\"@type\":\"EntryPoint\",\"urlTemplate\":\"https:\/\/jalinstore.vn\/?s={search_term_string}\"},\"query-input\":\"required name=search_term_string\"}],\"inLanguage\":\"en-US\"},{\"@type\":\"Organization\",\"@id\":\"https:\/\/jalinstore.vn\/#organization\",\"name\":\"Jalin Fragrances Store\",\"alternateName\":\"Jalin Store\",\"url\":\"https:\/\/jalinstore.vn\/\",\"logo\":{\"@type\":\"ImageObject\",\"inLanguage\":\"en-US\",\"@id\":\"https:\/\/jalinstore.vn\/#\/schema\/logo\/image\/\",\"url\":\"https:\/\/jalinstore.vn\/wp-content\/uploads\/2026\/03\/jalin-logo.jpg\",\"contentUrl\":\"https:\/\/jalinstore.vn\/wp-content\/uploads\/2026\/03\/jalin-logo.jpg\",\"width\":2000,\"height\":2000,\"caption\":\"Jalin Fragrances Store\"},\"image\":{\"@id\":\"https:\/\/jalinstore.vn\/#\/schema\/logo\/image\/\"},\"sameAs\":[\"https:\/\/www.facebook.com\/jalinfragrances\/\"]}]}<\/script>\n<!-- \/ Yoast SEO Premium plugin. -->","yoast_head_json":{"title":"L\u1ecd khu\u1ebfch t\u00e1n h\u01b0\u01a1ng PEONY BLUSH | 100ml","description":"L\u1ecd khu\u1ebfch t\u00e1n h\u01b0\u01a1ng th\u01a1m Jalin | L\u00e0m th\u01a1m kh\u00f4ng gian | Tinh d\u1ea7u chu\u1ea9n IFRA | S\u00e1ng t\u1ea1o t\u1eeb Ph\u00e1p, Th\u1ee5y S\u0129 | C\u1ea5u tr\u00fac 3 t\u1ea7ng h\u01b0\u01a1ng","robots":{"index":"index","follow":"follow","max-snippet":"max-snippet:-1","max-image-preview":"max-image-preview:large","max-video-preview":"max-video-preview:-1"},"canonical":"https:\/\/jalinstore.vn\/en\/product\/lo-khuech-tan-huong-peony-blush\/","og_locale":"en_US","og_type":"article","og_title":"L\u1ecd khu\u1ebfch t\u00e1n h\u01b0\u01a1ng PEONY BLUSH | 100ml","og_description":"L\u1ecd khu\u1ebfch t\u00e1n h\u01b0\u01a1ng th\u01a1m Jalin | L\u00e0m th\u01a1m kh\u00f4ng gian | Tinh d\u1ea7u chu\u1ea9n IFRA | S\u00e1ng t\u1ea1o t\u1eeb Ph\u00e1p, Th\u1ee5y S\u0129 | C\u1ea5u tr\u00fac 3 t\u1ea7ng h\u01b0\u01a1ng","og_url":"https:\/\/jalinstore.vn\/en\/product\/lo-khuech-tan-huong-peony-blush\/","og_site_name":"Jalin Fragrances Store","article_publisher":"https:\/\/www.facebook.com\/jalinfragrances\/","article_modified_time":"2026-04-08T04:47:22+00:00","og_image":[{"width":1000,"height":1000,"url":"https:\/\/jalinstore.vn\/wp-content\/uploads\/2026\/04\/peonyblush.jpg","type":"image\/jpeg"}],"twitter_card":"summary_large_image","twitter_misc":{"Est. reading time":"3 minutes"},"schema":{"@context":"https:\/\/schema.org","@graph":[{"@type":"WebPage","@id":"https:\/\/jalinstore.vn\/san-pham\/lo-khuech-tan-huong-peony-blush\/","url":"https:\/\/jalinstore.vn\/san-pham\/lo-khuech-tan-huong-peony-blush\/","name":"L\u1ecd khu\u1ebfch t\u00e1n h\u01b0\u01a1ng PEONY BLUSH | 100ml","isPartOf":{"@id":"https:\/\/jalinstore.vn\/#website"},"datePublished":"2026-04-08T04:47:21+00:00","dateModified":"2026-04-08T04:47:22+00:00","description":"L\u1ecd khu\u1ebfch t\u00e1n h\u01b0\u01a1ng th\u01a1m Jalin | L\u00e0m th\u01a1m kh\u00f4ng gian | Tinh d\u1ea7u chu\u1ea9n IFRA | S\u00e1ng t\u1ea1o t\u1eeb Ph\u00e1p, Th\u1ee5y S\u0129 | C\u1ea5u tr\u00fac 3 t\u1ea7ng h\u01b0\u01a1ng","breadcrumb":{"@id":"https:\/\/jalinstore.vn\/san-pham\/lo-khuech-tan-huong-peony-blush\/#breadcrumb"},"inLanguage":"en-US","potentialAction":[{"@type":"ReadAction","target":["https:\/\/jalinstore.vn\/san-pham\/lo-khuech-tan-huong-peony-blush\/"]}]},{"@type":"BreadcrumbList","@id":"https:\/\/jalinstore.vn\/san-pham\/lo-khuech-tan-huong-peony-blush\/#breadcrumb","itemListElement":[{"@type":"ListItem","position":1,"name":"Trang ch\u1ee7","item":"https:\/\/jalinstore.vn\/"},{"@type":"ListItem","position":2,"name":"Shop","item":"https:\/\/jalinstore.vn\/shop\/"},{"@type":"ListItem","position":3,"name":"L\u1ecd khu\u1ebfch t\u00e1n h\u01b0\u01a1ng PEONY BLUSH | 100ml"}]},{"@type":"WebSite","@id":"https:\/\/jalinstore.vn\/#website","url":"https:\/\/jalinstore.vn\/","name":"Jalin Fragrances Store","description":"Fragrances oil - Diffuser system - Scented candle - Fabric spay - Diffuser reed","publisher":{"@id":"https:\/\/jalinstore.vn\/#organization"},"alternateName":"Jalin Store","potentialAction":[{"@type":"SearchAction","target":{"@type":"EntryPoint","urlTemplate":"https:\/\/jalinstore.vn\/?s={search_term_string}"},"query-input":"required name=search_term_string"}],"inLanguage":"en-US"},{"@type":"Organization","@id":"https:\/\/jalinstore.vn\/#organization","name":"Jalin Fragrances Store","alternateName":"Jalin Store","url":"https:\/\/jalinstore.vn\/","logo":{"@type":"ImageObject","inLanguage":"en-US","@id":"https:\/\/jalinstore.vn\/#\/schema\/logo\/image\/","url":"https:\/\/jalinstore.vn\/wp-content\/uploads\/2026\/03\/jalin-logo.jpg","contentUrl":"https:\/\/jalinstore.vn\/wp-content\/uploads\/2026\/03\/jalin-logo.jpg","width":2000,"height":2000,"caption":"Jalin Fragrances Store"},"image":{"@id":"https:\/\/jalinstore.vn\/#\/schema\/logo\/image\/"},"sameAs":["https:\/\/www.facebook.com\/jalinfragrances\/"]}]}},"_links":{"self":[{"href":"https:\/\/jalinstore.vn\/en\/wp-json\/wp\/v2\/product\/3374","targetHints":{"allow":["GET"]}}],"collection":[{"href":"https:\/\/jalinstore.vn\/en\/wp-json\/wp\/v2\/product"}],"about":[{"href":"https:\/\/jalinstore.vn\/en\/wp-json\/wp\/v2\/types\/product"}],"replies":[{"embeddable":true,"href":"https:\/\/jalinstore.vn\/en\/wp-json\/wp\/v2\/comments?post=3374"}],"wp:featuredmedia":[{"embeddable":true,"href":"https:\/\/jalinstore.vn\/en\/wp-json\/wp\/v2\/media\/3306"}],"wp:attachment":[{"href":"https:\/\/jalinstore.vn\/en\/wp-json\/wp\/v2\/media?parent=3374"}],"wp:term":[{"taxonomy":"product_brand","embeddable":true,"href":"https:\/\/jalinstore.vn\/en\/wp-json\/wp\/v2\/product_brand?post=3374"},{"taxonomy":"product_cat","embeddable":true,"href":"https:\/\/jalinstore.vn\/en\/wp-json\/wp\/v2\/product_cat?post=3374"},{"taxonomy":"product_tag","embeddable":true,"href":"https:\/\/jalinstore.vn\/en\/wp-json\/wp\/v2\/product_tag?post=3374"}],"curies":[{"name":"wp","href":"https:\/\/api.w.org\/{rel}","templated":true}]}}