{"id":3459,"date":"2026-04-10T09:04:28","date_gmt":"2026-04-10T09:04:28","guid":{"rendered":"https:\/\/jalinstore.vn\/?post_type=product&#038;p=3459"},"modified":"2026-04-10T09:04:30","modified_gmt":"2026-04-10T09:04:30","slug":"nen-thom-mocha-musk","status":"publish","type":"product","link":"https:\/\/jalinstore.vn\/en\/product\/nen-thom-mocha-musk\/","title":{"rendered":"N\u1ebfn th\u01a1m MOCHA MUSK | 100-220G"},"content":{"rendered":"<p>N\u1ebeN TH\u01a0M H\u01af\u01a0NG MOCHA MUSK | 100-220G <\/p>\n<p>Top Notes:\u00a0Roasted Coffee, Cocoa<br \/>\n<\/p>\n<p>Heart Notes:\u00a0Figolide, Coffee Jungle Essence<br \/>\n<\/p>\n<p>Base Notes:\u00a0Coconut, Macaroon<br \/>\n<\/p>\n<p>Formulated in France\u00a0<\/p>\n<p>1. TH\u00d4NG TIN S\u1ea2N PH\u1ea8M<br \/>\n<\/p>\n<p>&#8211; Th\u00e0nh ph\u1ea7n:<br \/>\n<br \/>\n+ Tinh d\u1ea7u n\u01b0\u1edbc hoa 3 t\u1ea7ng h\u01b0\u01a1ng Mocha Musk s\u00e1ng t\u1ea1o t\u1eeb Ph\u00e1p, \u0111\u1ea1t chu\u1ea9n IFRA.<br \/>\n<br \/>\n+ S\u00e1p ong thi\u00ean nhi\u00ean, s\u00e1p \u0111\u1eadu n\u00e0nh an to\u00e0n cho s\u1ee9c kh\u1ecfe.<br \/>\n<br \/>\n+ B\u1ea5c cotton l\u00e0m t\u1eeb 100% b\u00f4ng h\u1eefu c\u01a1 kh\u00f4ng l\u00f5i, b\u1ea5c \u0111\u01b0\u1ee3c ph\u1ee7 m\u1ed9t l\u1edbp s\u00e1p thi\u00ean nhi\u00ean c\u00f3 th\u1ec3 ph\u00e2n h\u1ee7y ho\u00e0n to\u00e0n th\u00e2n thi\u1ec7n v\u1edbi m\u00f4i tr\u01b0\u1eddng.<br \/>\n<br \/>\n+ N\u1eafp \u0111\u1eady g\u1ed7 h\u0169 100g th\u00e2n thi\u1ec7n v\u1edbi m\u00f4i tr\u01b0\u1eddng. B\u1ea3o qu\u1ea3n k\u00edn.<br \/>\n<br \/>\n+ H\u0169 n\u1ebfn 100g \u0111\u01b0\u1ee3c l\u00e0m t\u1eeb th\u1ee7y tinh ch\u1ecbu nhi\u1ec7t t\u1ed1t, \u0111\u1ea3m b\u1ea3o an to\u00e0n cho ng\u01b0\u1eddi s\u1eed d\u1ee5ng. Sau khi \u0111\u1ed1t xong c\u00f3 th\u1ec3 s\u1eed d\u1ee5ng v\u1eadt d\u1ee5ng sinh ho\u1ea1t trong gia \u0111\u00ecnh.<br \/>\n<br \/>\n+ H\u0169 n\u1ebfn 220g ch\u1ea5t li\u1ec7u b\u1ea1c s\u00e1ng b\u00f3ng sang tr\u1ecdng v\u00e0 tinh t\u1ebf, ch\u1ecbu nhi\u1ec7t t\u1ed1t, \u0111\u1ea3m b\u1ea3o an to\u00e0n cho ng\u01b0\u1eddi s\u1eed d\u1ee5ng. Sau khi \u0111\u1ed1t xong c\u00f3 th\u1ec3 s\u1eed d\u1ee5ng v\u1eadt d\u1ee5ng sinh ho\u1ea1t trong gia \u0111\u00ecnh.<\/p>\n<p>&#8211; Dung t\u00edch: 100g &#8211; 220g.<br \/>\n<\/p>\n<p>&#8211; Th\u1eddi gian \u0111\u1ed1t ch\u00e1y s\u1ea3n ph\u1ea9m \u1edf nhi\u1ec7t \u0111\u1ed9 ti\u00eau chu\u1ea9n: 25 gi\u1edd \u0111\u1ebfn 45 gi\u1edd.<br \/>\n<\/p>\n<p>&#8211; \u0110\u1ed9 t\u1ecfa h\u01b0\u01a1ng: 15m2 \u0111\u1ebfn 25m2.<\/p>\n<p>2. M\u00d4 T\u1ea2 H\u01af\u01a0NG TH\u01a0M<br \/>\n<\/p>\n<p>M\u1edf \u0111\u1ea7u l\u00e0 h\u01b0\u01a1ng c\u00e0 ph\u00ea rang \u0111\u1eadm h\u00f2a c\u00f9ng cacao, mang \u0111\u1ebfn c\u1ea3m gi\u00e1c \u1ea5m n\u00f3ng v\u00e0 \u0111\u1ea7y l\u00f4i cu\u1ed1n \u2013 nh\u01b0 v\u1eeba b\u01b0\u1edbc v\u00e0o m\u1ed9t qu\u00e1n c\u00e0 ph\u00ea quen thu\u1ed9c.<br \/>\nT\u1ea7ng h\u01b0\u01a1ng gi\u1eefa ti\u1ebfp t\u1ee5c l\u00e0m d\u00e0y th\u00eam chi\u1ec1u s\u00e2u v\u1edbi Figolide v\u00e0 Coffee Jungle Essence, gi\u1eef tr\u1ecdn tinh th\u1ea7n c\u00e0 ph\u00ea nguy\u00ean b\u1ea3n, \u0111\u1eadm \u0111\u00e0 v\u00e0 lan t\u1ecfa m\u1ea1nh m\u1ebd.<br \/>\n<\/p>\n<p>Khi l\u1eafng xu\u1ed1ng, d\u1eeba v\u00e0 b\u00e1nh Macaroon xu\u1ea5t hi\u1ec7n nh\u1eb9 nh\u00e0ng, th\u00eam ch\u00fat ng\u1ecdt b\u00e9o tinh t\u1ebf, gi\u00fap t\u1ed5ng th\u1ec3 tr\u1edf n\u00ean c\u00e2n b\u1eb1ng v\u00e0 d\u1ec5 ch\u1ecbu h\u01a1n.<\/p>\n<p>Mocha Musk l\u00e0 m\u00f9i h\u01b0\u01a1ng d\u00e0nh cho nh\u1eefng ai y\u00eau th\u00edch c\u00e0 ph\u00ea r\u00f5 n\u00e9t, \u1ea5m \u00e1p v\u00e0 c\u00f3 chi\u1ec1u s\u00e2u \u2013 m\u1ed9t ch\u00fat \u0111\u1eadm \u0111\u00e0, m\u1ed9t ch\u00fat ng\u1ecdt d\u1ecbu, \u0111\u1ee7 \u0111\u1ec3 khi\u1ebfn kh\u00f4ng gian tr\u1edf n\u00ean \u1ea5m c\u00fang v\u00e0 \u0111\u1ea7y c\u1ea3m x\u00fac.\u00a0<\/p>\n<p>3. C\u00d4NG D\u1ee4NG<br \/>\n<\/p>\n<p>&#8211; Gi\u00fap l\u00e0m th\u01a1m ph\u00f2ng, kh\u1eed m\u00f9i h\u00f4i, n\u1ea5m m\u1ed1c cho c\u00e1c kh\u00f4ng gian.<br \/>\n<\/p>\n<p>&#8211; Gi\u00fap th\u01b0 gi\u00e3n, c\u1ea3i thi\u1ec7n gi\u1ea5c ng\u1ee7. \u0110\u1ed3ng th\u1eddi l\u00e0m t\u0103ng kh\u1ea3 n\u0103ng t\u1eadp trung. S\u1ef1 k\u1ebft h\u1ee3p gi\u1eefa \u00e1nh s\u00e1ng nh\u1eb9 nh\u00e0ng v\u00e0 m\u00f9i th\u01a1m tinh t\u1ebf gi\u00fap gi\u1ea3i t\u1ecfa c\u0103ng th\u1eb3ng, xua tan m\u1ec7t m\u1ecfi v\u00e0 t\u0103ng c\u01b0\u1eddng s\u1ef1 t\u1eadp trung.<\/p>\n<p>4. H\u01af\u1edaNG D\u1eaaN S\u1eec D\u1ee4NG:<br \/>\n<br \/>\n&#8211; S\u1eed d\u1ee5ng di\u00eam ho\u1eb7c b\u1eadt l\u1eeda c\u00f3 v\u00f2i phun d\u00e0i \u0111\u1ec3 \u0111\u1ed1t b\u1ea5c n\u1ebfn an to\u00e0n v\u00e0 d\u1ec5 d\u00e0ng h\u01a1n.<br \/>\n<br \/>\n&#8211; \u0110\u1ec3 h\u01b0\u01a1ng th\u01a1m \u0111\u1ea1t ch\u1ea5t l\u01b0\u1ee3ng t\u1ed1t nh\u1ea5t, b\u1ea1n n\u00ean \u0111\u1ed1t n\u1ebfn t\u1eeb 1 &#8211; 3 gi\u1edd r\u1ed3i ng\u01b0ng \u0111\u1ec3 s\u00e1p kh\u00f4 l\u1ea1i v\u00e0 ti\u1ebfp t\u1ee5c s\u1eed d\u1ee5ng sau \u0111\u00f3, kho\u1ea3ng c\u00e1ch gi\u1eefa m\u1ed7i l\u1ea7n s\u1eed d\u1ee5ng l\u00e0 4 gi\u1edd.<br \/>\n<br \/>\n&#8211; Khi t\u1eaft n\u1ebfn n\u00ean d\u00f9ng que \u0111\u1ec3 nh\u00fang b\u1ea5c xu\u1ed1ng ph\u1ea7n s\u00e1p \u0111ang ch\u1ea3y nh\u1eb1m tr\u00e1nh kh\u00f3i \u0111en.<br \/>\n<br \/>\n&#8211; Khi kh\u00f4ng s\u1eed d\u1ee5ng, h\u00e3y \u0111\u1eady k\u00edn n\u1ebfn \u0111\u1ec3 tr\u00e1nh b\u1ee5i b\u1ea9n v\u00e0 tinh d\u1ea7u kh\u00f4ng b\u1ecb bay h\u01a1i.<br \/>\n<br \/>\n&#8211; C\u1eaft b\u1ea5c n\u1ebfn (v\u00f9ng b\u1ea5c ch\u00e1y) xu\u1ed1ng kho\u1ea3ng 0.4 &#8211; 0.6 cm \u0111\u1ec3 m\u00f9i h\u01b0\u01a1ng \u1ed5n \u0111\u1ecbnh (tr\u00e1nh m\u00f9i kh\u00f3i ch\u00e1y) cho l\u1ea7n s\u1eed d\u1ee5ng ti\u1ebfp theo.<br \/>\n<br \/>\n&#8211; \u0110\u1eb7t n\u1ebfn \u1edf m\u1eb7t ph\u1eb3ng c\u1ee9ng, ch\u1ecbu nhi\u1ec7t v\u00e0 kh\u00f4 tho\u00e1ng. Tr\u00e1nh xa c\u00e1c v\u1eadt d\u1ec5 ch\u00e1y, n\u01a1i c\u00f3 lu\u1ed3ng gi\u00f3 hay n\u01a1i c\u00f3 nhi\u1ec7t \u0111\u1ed9 cao nh\u01b0: m\u00e1y qu\u1ea1t, b\u1ebfp, c\u1eeda s\u1ed5, l\u00f2 s\u01b0\u1edfi&#8230;<br \/>\n<br \/>\n&#8211; \u0110\u1eb7t n\u1ebfn xa t\u1ea7m v\u1edbi tr\u1ebb em v\u00e0 v\u1eadt nu\u00f4i.<\/p>","protected":false},"excerpt":{"rendered":"<p>N\u1ebfn th\u01a1m Mocha Musk l\u00e0m th\u01a1m kh\u00f4ng gian, kh\u1eed m\u00f9i v\u00e0 mang l\u1ea1i h\u01b0\u01a1ng th\u01a1m nh\u1eb9 nh\u00e0ng d\u1ec5 ch\u1ecbu.<br \/>\nTop: Roasted coffee, Cocoa<br \/>\nHeart: Figolide, Coffee Jungle Essence<br \/>\nBase: Coconut, Macaroon<\/p>","protected":false},"featured_media":3424,"comment_status":"open","ping_status":"closed","template":"","meta":[],"product_brand":[],"product_cat":[46],"product_tag":[200,356,112,155,435,156,154,153,152],"class_list":{"0":"post-3459","1":"product","2":"type-product","3":"status-publish","4":"has-post-thumbnail","6":"product_cat-nen-thom-jalin","7":"product_tag-huong-ca-phe","8":"product_tag-mocha-musk","9":"product_tag-nen-thom","10":"product_tag-nen-thom-cao-cap","11":"product_tag-nen-thom-mocha-musk","12":"product_tag-nen-thom-phong-ngu","13":"product_tag-nen-thom-sap-nanh","14":"product_tag-nen-thom-sap-ong","15":"product_tag-scented-candle","17":"first","18":"instock","19":"shipping-taxable","20":"purchasable","21":"product-type-variable"},"acf":[],"yoast_head":"<!-- This site is optimized with the Yoast SEO Premium plugin v20.9 (Yoast SEO v20.9) - https:\/\/yoast.com\/wordpress\/plugins\/seo\/ -->\n<title>N\u1ebfn th\u01a1m MOCHA MUSK | 100-220G - Jalin Fragrances Store<\/title>\n<meta name=\"description\" content=\"N\u1ebfn th\u01a1m Mocha Musk | Tinh d\u1ea7u chu\u1ea9n IFRA | S\u00e1ng t\u1ea1o t\u1eeb Ph\u00e1p, Th\u1ee5y S\u0129 | C\u1ea5u tr\u00fac 3 t\u1ea7ng h\u01b0\u01a1ng | S\u00e1p ong &amp; s\u00e1p n\u00e0nh | L\u00e0m th\u01a1m ph\u00f2ng, c\u1ea3i thi\u1ec7n gi\u1ea5c ng\u1ee7\" \/>\n<meta name=\"robots\" content=\"index, follow, max-snippet:-1, max-image-preview:large, max-video-preview:-1\" \/>\n<link rel=\"canonical\" href=\"https:\/\/jalinstore.vn\/en\/product\/nen-thom-mocha-musk\/\" \/>\n<meta property=\"og:locale\" content=\"en_US\" \/>\n<meta property=\"og:type\" content=\"article\" \/>\n<meta property=\"og:title\" content=\"N\u1ebfn th\u01a1m MOCHA MUSK | 100-220G\" \/>\n<meta property=\"og:description\" content=\"N\u1ebfn th\u01a1m Mocha Musk | Tinh d\u1ea7u chu\u1ea9n IFRA | S\u00e1ng t\u1ea1o t\u1eeb Ph\u00e1p, Th\u1ee5y S\u0129 | C\u1ea5u tr\u00fac 3 t\u1ea7ng h\u01b0\u01a1ng | S\u00e1p ong &amp; s\u00e1p n\u00e0nh | L\u00e0m th\u01a1m ph\u00f2ng, c\u1ea3i thi\u1ec7n gi\u1ea5c ng\u1ee7\" \/>\n<meta property=\"og:url\" content=\"https:\/\/jalinstore.vn\/en\/product\/nen-thom-mocha-musk\/\" \/>\n<meta property=\"og:site_name\" content=\"Jalin Fragrances Store\" \/>\n<meta property=\"article:publisher\" content=\"https:\/\/www.facebook.com\/jalinfragrances\/\" \/>\n<meta property=\"article:modified_time\" content=\"2026-04-10T09:04:30+00:00\" \/>\n<meta property=\"og:image\" content=\"https:\/\/jalinstore.vn\/wp-content\/uploads\/2026\/02\/mochamusk-1.jpg\" \/>\n\t<meta property=\"og:image:width\" content=\"1000\" \/>\n\t<meta property=\"og:image:height\" content=\"1000\" \/>\n\t<meta property=\"og:image:type\" content=\"image\/jpeg\" \/>\n<meta name=\"twitter:card\" content=\"summary_large_image\" \/>\n<meta name=\"twitter:label1\" content=\"Est. reading time\" \/>\n\t<meta name=\"twitter:data1\" content=\"4 minutes\" \/>\n<script type=\"application\/ld+json\" class=\"yoast-schema-graph\">{\"@context\":\"https:\/\/schema.org\",\"@graph\":[{\"@type\":\"WebPage\",\"@id\":\"https:\/\/jalinstore.vn\/san-pham\/nen-thom-mocha-musk\/\",\"url\":\"https:\/\/jalinstore.vn\/san-pham\/nen-thom-mocha-musk\/\",\"name\":\"N\u1ebfn th\u01a1m MOCHA MUSK | 100-220G - Jalin Fragrances Store\",\"isPartOf\":{\"@id\":\"https:\/\/jalinstore.vn\/#website\"},\"datePublished\":\"2026-04-10T09:04:28+00:00\",\"dateModified\":\"2026-04-10T09:04:30+00:00\",\"description\":\"N\u1ebfn th\u01a1m Mocha Musk | Tinh d\u1ea7u chu\u1ea9n IFRA | S\u00e1ng t\u1ea1o t\u1eeb Ph\u00e1p, Th\u1ee5y S\u0129 | C\u1ea5u tr\u00fac 3 t\u1ea7ng h\u01b0\u01a1ng | S\u00e1p ong & s\u00e1p n\u00e0nh | L\u00e0m th\u01a1m ph\u00f2ng, c\u1ea3i thi\u1ec7n gi\u1ea5c ng\u1ee7\",\"breadcrumb\":{\"@id\":\"https:\/\/jalinstore.vn\/san-pham\/nen-thom-mocha-musk\/#breadcrumb\"},\"inLanguage\":\"en-US\",\"potentialAction\":[{\"@type\":\"ReadAction\",\"target\":[\"https:\/\/jalinstore.vn\/san-pham\/nen-thom-mocha-musk\/\"]}]},{\"@type\":\"BreadcrumbList\",\"@id\":\"https:\/\/jalinstore.vn\/san-pham\/nen-thom-mocha-musk\/#breadcrumb\",\"itemListElement\":[{\"@type\":\"ListItem\",\"position\":1,\"name\":\"Trang ch\u1ee7\",\"item\":\"https:\/\/jalinstore.vn\/\"},{\"@type\":\"ListItem\",\"position\":2,\"name\":\"Shop\",\"item\":\"https:\/\/jalinstore.vn\/shop\/\"},{\"@type\":\"ListItem\",\"position\":3,\"name\":\"N\u1ebfn th\u01a1m MOCHA MUSK | 100-220G\"}]},{\"@type\":\"WebSite\",\"@id\":\"https:\/\/jalinstore.vn\/#website\",\"url\":\"https:\/\/jalinstore.vn\/\",\"name\":\"Jalin Fragrances Store\",\"description\":\"Fragrances oil - Diffuser system - Scented candle - Fabric spay - Diffuser reed\",\"publisher\":{\"@id\":\"https:\/\/jalinstore.vn\/#organization\"},\"alternateName\":\"Jalin Store\",\"potentialAction\":[{\"@type\":\"SearchAction\",\"target\":{\"@type\":\"EntryPoint\",\"urlTemplate\":\"https:\/\/jalinstore.vn\/?s={search_term_string}\"},\"query-input\":\"required name=search_term_string\"}],\"inLanguage\":\"en-US\"},{\"@type\":\"Organization\",\"@id\":\"https:\/\/jalinstore.vn\/#organization\",\"name\":\"Jalin Fragrances Store\",\"alternateName\":\"Jalin Store\",\"url\":\"https:\/\/jalinstore.vn\/\",\"logo\":{\"@type\":\"ImageObject\",\"inLanguage\":\"en-US\",\"@id\":\"https:\/\/jalinstore.vn\/#\/schema\/logo\/image\/\",\"url\":\"https:\/\/jalinstore.vn\/wp-content\/uploads\/2026\/03\/jalin-logo.jpg\",\"contentUrl\":\"https:\/\/jalinstore.vn\/wp-content\/uploads\/2026\/03\/jalin-logo.jpg\",\"width\":2000,\"height\":2000,\"caption\":\"Jalin Fragrances Store\"},\"image\":{\"@id\":\"https:\/\/jalinstore.vn\/#\/schema\/logo\/image\/\"},\"sameAs\":[\"https:\/\/www.facebook.com\/jalinfragrances\/\"]}]}<\/script>\n<!-- \/ Yoast SEO Premium plugin. -->","yoast_head_json":{"title":"N\u1ebfn th\u01a1m MOCHA MUSK | 100-220G - Jalin Fragrances Store","description":"N\u1ebfn th\u01a1m Mocha Musk | Tinh d\u1ea7u chu\u1ea9n IFRA | S\u00e1ng t\u1ea1o t\u1eeb Ph\u00e1p, Th\u1ee5y S\u0129 | C\u1ea5u tr\u00fac 3 t\u1ea7ng h\u01b0\u01a1ng | S\u00e1p ong & s\u00e1p n\u00e0nh | L\u00e0m th\u01a1m ph\u00f2ng, c\u1ea3i thi\u1ec7n gi\u1ea5c ng\u1ee7","robots":{"index":"index","follow":"follow","max-snippet":"max-snippet:-1","max-image-preview":"max-image-preview:large","max-video-preview":"max-video-preview:-1"},"canonical":"https:\/\/jalinstore.vn\/en\/product\/nen-thom-mocha-musk\/","og_locale":"en_US","og_type":"article","og_title":"N\u1ebfn th\u01a1m MOCHA MUSK | 100-220G","og_description":"N\u1ebfn th\u01a1m Mocha Musk | Tinh d\u1ea7u chu\u1ea9n IFRA | S\u00e1ng t\u1ea1o t\u1eeb Ph\u00e1p, Th\u1ee5y S\u0129 | C\u1ea5u tr\u00fac 3 t\u1ea7ng h\u01b0\u01a1ng | S\u00e1p ong & s\u00e1p n\u00e0nh | L\u00e0m th\u01a1m ph\u00f2ng, c\u1ea3i thi\u1ec7n gi\u1ea5c ng\u1ee7","og_url":"https:\/\/jalinstore.vn\/en\/product\/nen-thom-mocha-musk\/","og_site_name":"Jalin Fragrances Store","article_publisher":"https:\/\/www.facebook.com\/jalinfragrances\/","article_modified_time":"2026-04-10T09:04:30+00:00","og_image":[{"width":1000,"height":1000,"url":"https:\/\/jalinstore.vn\/wp-content\/uploads\/2026\/02\/mochamusk-1.jpg","type":"image\/jpeg"}],"twitter_card":"summary_large_image","twitter_misc":{"Est. reading time":"4 minutes"},"schema":{"@context":"https:\/\/schema.org","@graph":[{"@type":"WebPage","@id":"https:\/\/jalinstore.vn\/san-pham\/nen-thom-mocha-musk\/","url":"https:\/\/jalinstore.vn\/san-pham\/nen-thom-mocha-musk\/","name":"N\u1ebfn th\u01a1m MOCHA MUSK | 100-220G - Jalin Fragrances Store","isPartOf":{"@id":"https:\/\/jalinstore.vn\/#website"},"datePublished":"2026-04-10T09:04:28+00:00","dateModified":"2026-04-10T09:04:30+00:00","description":"N\u1ebfn th\u01a1m Mocha Musk | Tinh d\u1ea7u chu\u1ea9n IFRA | S\u00e1ng t\u1ea1o t\u1eeb Ph\u00e1p, Th\u1ee5y S\u0129 | C\u1ea5u tr\u00fac 3 t\u1ea7ng h\u01b0\u01a1ng | S\u00e1p ong & s\u00e1p n\u00e0nh | L\u00e0m th\u01a1m ph\u00f2ng, c\u1ea3i thi\u1ec7n gi\u1ea5c ng\u1ee7","breadcrumb":{"@id":"https:\/\/jalinstore.vn\/san-pham\/nen-thom-mocha-musk\/#breadcrumb"},"inLanguage":"en-US","potentialAction":[{"@type":"ReadAction","target":["https:\/\/jalinstore.vn\/san-pham\/nen-thom-mocha-musk\/"]}]},{"@type":"BreadcrumbList","@id":"https:\/\/jalinstore.vn\/san-pham\/nen-thom-mocha-musk\/#breadcrumb","itemListElement":[{"@type":"ListItem","position":1,"name":"Trang ch\u1ee7","item":"https:\/\/jalinstore.vn\/"},{"@type":"ListItem","position":2,"name":"Shop","item":"https:\/\/jalinstore.vn\/shop\/"},{"@type":"ListItem","position":3,"name":"N\u1ebfn th\u01a1m MOCHA MUSK | 100-220G"}]},{"@type":"WebSite","@id":"https:\/\/jalinstore.vn\/#website","url":"https:\/\/jalinstore.vn\/","name":"Jalin Fragrances Store","description":"Fragrances oil - Diffuser system - Scented candle - Fabric spay - Diffuser reed","publisher":{"@id":"https:\/\/jalinstore.vn\/#organization"},"alternateName":"Jalin Store","potentialAction":[{"@type":"SearchAction","target":{"@type":"EntryPoint","urlTemplate":"https:\/\/jalinstore.vn\/?s={search_term_string}"},"query-input":"required name=search_term_string"}],"inLanguage":"en-US"},{"@type":"Organization","@id":"https:\/\/jalinstore.vn\/#organization","name":"Jalin Fragrances Store","alternateName":"Jalin Store","url":"https:\/\/jalinstore.vn\/","logo":{"@type":"ImageObject","inLanguage":"en-US","@id":"https:\/\/jalinstore.vn\/#\/schema\/logo\/image\/","url":"https:\/\/jalinstore.vn\/wp-content\/uploads\/2026\/03\/jalin-logo.jpg","contentUrl":"https:\/\/jalinstore.vn\/wp-content\/uploads\/2026\/03\/jalin-logo.jpg","width":2000,"height":2000,"caption":"Jalin Fragrances Store"},"image":{"@id":"https:\/\/jalinstore.vn\/#\/schema\/logo\/image\/"},"sameAs":["https:\/\/www.facebook.com\/jalinfragrances\/"]}]}},"_links":{"self":[{"href":"https:\/\/jalinstore.vn\/en\/wp-json\/wp\/v2\/product\/3459","targetHints":{"allow":["GET"]}}],"collection":[{"href":"https:\/\/jalinstore.vn\/en\/wp-json\/wp\/v2\/product"}],"about":[{"href":"https:\/\/jalinstore.vn\/en\/wp-json\/wp\/v2\/types\/product"}],"replies":[{"embeddable":true,"href":"https:\/\/jalinstore.vn\/en\/wp-json\/wp\/v2\/comments?post=3459"}],"wp:featuredmedia":[{"embeddable":true,"href":"https:\/\/jalinstore.vn\/en\/wp-json\/wp\/v2\/media\/3424"}],"wp:attachment":[{"href":"https:\/\/jalinstore.vn\/en\/wp-json\/wp\/v2\/media?parent=3459"}],"wp:term":[{"taxonomy":"product_brand","embeddable":true,"href":"https:\/\/jalinstore.vn\/en\/wp-json\/wp\/v2\/product_brand?post=3459"},{"taxonomy":"product_cat","embeddable":true,"href":"https:\/\/jalinstore.vn\/en\/wp-json\/wp\/v2\/product_cat?post=3459"},{"taxonomy":"product_tag","embeddable":true,"href":"https:\/\/jalinstore.vn\/en\/wp-json\/wp\/v2\/product_tag?post=3459"}],"curies":[{"name":"wp","href":"https:\/\/api.w.org\/{rel}","templated":true}]}}